{"id":190,"date":"2018-10-01T13:31:27","date_gmt":"2018-10-01T17:31:27","guid":{"rendered":"https:\/\/mrcnetworks.com\/?page_id=190"},"modified":"2019-10-24T20:33:27","modified_gmt":"2019-10-25T00:33:27","slug":"newhome","status":"publish","type":"page","link":"https:\/\/mrcnetworks.com\/fr\/","title":{"rendered":"Accueil"},"content":{"rendered":"<section class=\"wpb-content-wrapper\">[vc_row full_width=\u00a0\u00bbstretch_row_content_no_spaces\u00a0\u00bb][vc_column]\n\t\t\t<!-- START Home French REVOLUTION SLIDER 6.6.15 --><p class=\"rs-p-wp-fix\"><\/p>\n\t\t\t<rs-module-wrap id=\"rev_slider_14_2_wrapper\" data-source=\"gallery\" style=\"visibility:hidden;background:#0a0a0a;padding:0;margin:0px auto;margin-top:0;margin-bottom:0;\">\n\t\t\t\t<rs-module id=\"rev_slider_14_2\" style=\"\" data-version=\"6.6.15\">\n\t\t\t\t\t<rs-slides style=\"overflow: hidden; position: absolute;\">\n\t\t\t\t\t\t<rs-slide style=\"position: absolute;\" data-key=\"rs-22\" data-title=\"Slide\" data-anim=\"adpr:false;\">\n\t\t\t\t\t\t\t<img decoding=\"async\" src=\"\/\/mrcnetworks.com\/wp-content\/plugins\/revslider\/public\/assets\/assets\/dummy.png\" alt=\"\" title=\"Accueil\" class=\"rev-slidebg tp-rs-img rs-lazyload\" data-lazyload=\"\/\/ba9477.a2cdn1.secureserver.net\/wp-content\/uploads\/2019\/05\/iStock-642622626.jpg?time=1692881789\" data-bg=\"p:center top;\" data-parallax=\"15\" data-no-retina>\n<!--\n\t\t\t\t\t\t\t--><rs-layer\n\t\t\t\t\t\t\t\tid=\"slider-14-slide-22-layer-6\" \n\t\t\t\t\t\t\t\tdata-type=\"image\"\n\t\t\t\t\t\t\t\tdata-rsp_ch=\"on\"\n\t\t\t\t\t\t\t\tdata-xy=\"x:c;xo:1px;y:c;yo:189px;\"\n\t\t\t\t\t\t\t\tdata-text=\"l:22;a:inherit;\"\n\t\t\t\t\t\t\t\tdata-dim=\"w:1920px;h:1281px;\"\n\t\t\t\t\t\t\t\tdata-frame_0=\"tp:600;\"\n\t\t\t\t\t\t\t\tdata-frame_1=\"tp:600;st:900.00030517578;sp:540;sR:900.00030517578;\"\n\t\t\t\t\t\t\t\tdata-frame_999=\"o:0;tp:600;st:w;sR:7560;\"\n\t\t\t\t\t\t\t\tstyle=\"z-index:5;\"\n\t\t\t\t\t\t\t><img decoding=\"async\" src=\"\/\/mrcnetworks.com\/wp-content\/plugins\/revslider\/public\/assets\/assets\/dummy.png\" alt=\"\" class=\"tp-rs-img rs-lazyload\" data-lazyload=\"\/\/ba9.477.myftpupload.com\/wp-content\/uploads\/2018\/07\/cloud.png\" data-no-retina> \n\t\t\t\t\t\t\t<\/rs-layer><!--\n\n\t\t\t\t\t\t\t--><rs-layer\n\t\t\t\t\t\t\t\tid=\"slider-14-slide-22-layer-5\" \n\t\t\t\t\t\t\t\tdata-type=\"text\"\n\t\t\t\t\t\t\t\tdata-color=\"#005e6b\"\n\t\t\t\t\t\t\t\tdata-rsp_ch=\"on\"\n\t\t\t\t\t\t\t\tdata-xy=\"x:c;y:c;yo:188px;\"\n\t\t\t\t\t\t\t\tdata-text=\"s:33;l:40;a:center;\"\n\t\t\t\t\t\t\t\tdata-frame_0=\"sX:2;sY:2;tp:600;\"\n\t\t\t\t\t\t\t\tdata-frame_0_mask=\"u:t;\"\n\t\t\t\t\t\t\t\tdata-frame_1=\"tp:600;e:power2.out;st:400.00030517578;sp:1000;sR:400.00030517578;\"\n\t\t\t\t\t\t\t\tdata-frame_1_mask=\"u:t;\"\n\t\t\t\t\t\t\t\tdata-frame_999=\"o:0;tp:600;st:w;sR:7599.9996948242;\"\n\t\t\t\t\t\t\t\tstyle=\"z-index:6;font-family:'Prosto One';text-transform:uppercase;\"\n\t\t\t\t\t\t\t>LE SOUCI DE L'INNOVATION \u2022 INNOVER POUR MIEUX SOIGNER \n\t\t\t\t\t\t\t<\/rs-layer><!--\n-->\t\t\t\t\t\t<\/rs-slide>\n\t\t\t\t\t<\/rs-slides>\n\t\t\t\t<\/rs-module>\n\t\t\t\t<script>\n\t\t\t\t\tsetREVStartSize({c: 'rev_slider_14_2',rl:[1240,1024,778,480],el:[],gw:[1240],gh:[600],type:'standard',justify:'',layout:'fullwidth',mh:\"0\"});if (window.RS_MODULES!==undefined && window.RS_MODULES.modules!==undefined && window.RS_MODULES.modules[\"revslider142\"]!==undefined) {window.RS_MODULES.modules[\"revslider142\"].once = false;window.revapi14 = undefined;if (window.RS_MODULES.checkMinimal!==undefined) window.RS_MODULES.checkMinimal()}\n\t\t\t\t<\/script>\n\t\t\t<\/rs-module-wrap>\n\t\t\t<!-- END REVOLUTION SLIDER -->\n[\/vc_column][\/vc_row][vc_row][vc_column][vc_column_text]\n<h1 style=\"text-align: center;\"><span style=\"color: #095f6b;\">DES SOLUTIONS DE POINTE POUR TOUS LES TYPES DE SOINS<\/span><\/h1>\n[\/vc_column_text][\/vc_column][\/vc_row][vc_row gap=\u00a0\u00bb35&Prime; equal_height=\u00a0\u00bbyes\u00a0\u00bb][vc_column css_animation=\u00a0\u00bbfadeInLeftBig\u00a0\u00bb width=\u00a0\u00bb1\/3&Prime; css=\u00a0\u00bb.vc_custom_1538501541200{border-top-width: 1px !important;border-right-width: 1px !important;border-bottom-width: 1px !important;border-left-width: 1px !important;border-left-color: #39ba89 !important;border-left-style: solid !important;border-right-color: #39ba89 !important;border-right-style: solid !important;border-top-color: #39ba89 !important;border-top-style: solid !important;border-bottom-color: #39ba89 !important;border-bottom-style: solid !important;}\u00a0\u00bb][vc_icon icon_fontawesome=\u00a0\u00bbfa fa-hospital-o\u00a0\u00bb color=\u00a0\u00bbcustom\u00a0\u00bb size=\u00a0\u00bblg\u00a0\u00bb align=\u00a0\u00bbcenter\u00a0\u00bb custom_color=\u00a0\u00bb#095f6b\u00a0\u00bb css=\u00a0\u00bb.vc_custom_1538423195737{margin-top: -8px !important;}\u00a0\u00bb][vc_column_text css=\u00a0\u00bb.vc_custom_1558969754251{margin-top: -32px !important;}\u00a0\u00bb]\n<h6 style=\"text-align: center;\"><span style=\"color: #095f6b;\">INSTITUTIONNEL<\/span><\/h6>\n[\/vc_column_text][vc_column_text css=\u00a0\u00bb.vc_custom_1558970196067{margin-top: -22px !important;}\u00a0\u00bb]MRC offre un ensemble int\u00e9gr\u00e9 de produits pour les \u00e9tablissements institutionnels tels que les h\u00f4pitaux. Ces produits assurent le plus haut niveau de s\u00e9curit\u00e9 et de s\u00fbret\u00e9 pour vos patients et vos employ\u00e9s.\u00a0Il s&rsquo;agit notamment des syst\u00e8mes d&rsquo;appel infirmier\/appel d&rsquo;urgence, des syst\u00e8mes de gestion de l&rsquo;errance, de la protection du nourrisson et de l&rsquo;aide au personnel.<\/p>\n<p>&nbsp;<\/p>\n[\/vc_column_text][\/vc_column][vc_column css_animation=\u00a0\u00bbfadeInUpBig\u00a0\u00bb width=\u00a0\u00bb1\/3&Prime; css=\u00a0\u00bb.vc_custom_1538501553114{border-top-width: 1px !important;border-right-width: 1px !important;border-bottom-width: 1px !important;border-left-width: 1px !important;border-left-color: #39ba89 !important;border-left-style: solid !important;border-right-color: #39ba89 !important;border-right-style: solid !important;border-top-color: #39ba89 !important;border-top-style: solid !important;border-bottom-color: #39ba89 !important;border-bottom-style: solid !important;}\u00a0\u00bb][vc_icon icon_fontawesome=\u00a0\u00bbfa fa-hospital-o\u00a0\u00bb color=\u00a0\u00bbcustom\u00a0\u00bb size=\u00a0\u00bblg\u00a0\u00bb align=\u00a0\u00bbcenter\u00a0\u00bb custom_color=\u00a0\u00bb#095f6b\u00a0\u00bb css=\u00a0\u00bb.vc_custom_1538423195737{margin-top: -8px !important;}\u00a0\u00bb][vc_column_text css=\u00a0\u00bb.vc_custom_1558969852305{margin-top: -32px !important;}\u00a0\u00bb]\n<h6 style=\"text-align: center;\"><span style=\"color: #095f6b;\">SOINS \u00c0 LONG TERME<\/span><\/h6>\n[\/vc_column_text][vc_column_text css=\u00a0\u00bb.vc_custom_1558970311571{margin-top: -22px !important;}\u00a0\u00bb]MRC offre des technologies de pointe qui assurent une surveillance constante pour les a\u00een\u00e9s et qui donnent aux r\u00e9sidents et au personnel un sentiment de s\u00e9curit\u00e9. Il s&rsquo;agit de votre ange gardien, qui travaille activement \u00e0 prot\u00e9ger les personnes dont vous avez la charge et \u00e0 offrir un milieu de vie s\u00e9curitaire aux r\u00e9sidents et au personnel.[\/vc_column_text][\/vc_column][vc_column css_animation=\u00a0\u00bbfadeInRightBig\u00a0\u00bb width=\u00a0\u00bb1\/3&Prime; css=\u00a0\u00bb.vc_custom_1538501560269{border-top-width: 1px !important;border-right-width: 1px !important;border-bottom-width: 1px !important;border-left-width: 1px !important;border-left-color: #39ba89 !important;border-left-style: solid !important;border-right-color: #39ba89 !important;border-right-style: solid !important;border-top-color: #39ba89 !important;border-top-style: solid !important;border-bottom-color: #39ba89 !important;border-bottom-style: solid !important;}\u00a0\u00bb][vc_icon icon_fontawesome=\u00a0\u00bbfa fa-hospital-o\u00a0\u00bb color=\u00a0\u00bbcustom\u00a0\u00bb size=\u00a0\u00bblg\u00a0\u00bb align=\u00a0\u00bbcenter\u00a0\u00bb custom_color=\u00a0\u00bb#095f6b\u00a0\u00bb css=\u00a0\u00bb.vc_custom_1538423195737{margin-top: -8px !important;}\u00a0\u00bb][vc_column_text css=\u00a0\u00bb.vc_custom_1559053641510{margin-top: -32px !important;}\u00a0\u00bb]\n<h6 style=\"text-align: center;\"><span style=\"color: #095f6b;\">VIE AUTONOME ET AIDE \u00c0 LA VIE AUTONOME<\/span><\/h6>\n[\/vc_column_text][vc_column_text css=\u00a0\u00bb.vc_custom_1558970715101{margin-top: -22px !important;}\u00a0\u00bb]MRC offre un ensemble int\u00e9gr\u00e9 de produits pour les \u00e9tablissements de vie autonome et assist\u00e9e. Avec des produits qui sont enti\u00e8rement supervis\u00e9s en tout temps (comme notre syst\u00e8me d&rsquo;appel infirmier), vous pouvez \u00eatre assur\u00e9 que vos a\u00een\u00e9s sont en de bonnes mains.[\/vc_column_text][\/vc_column][\/vc_row][vc_row full_width=\u00a0\u00bbstretch_row\u00a0\u00bb css=\u00a0\u00bb.vc_custom_1538501849304{margin-top: 32px !important;background-color: #f1f2f2 !important;}\u00a0\u00bb][vc_column css_animation=\u00a0\u00bbappear\u00a0\u00bb width=\u00a0\u00bb1\/2&Prime;][vc_single_image image=\u00a0\u00bb980&Prime; img_size=\u00a0\u00bbfull\u00a0\u00bb alignment=\u00a0\u00bbcenter\u00a0\u00bb][\/vc_column][vc_column width=\u00a0\u00bb1\/2&Prime; css=\u00a0\u00bb.vc_custom_1538501834878{padding-left: -100px !important;}\u00a0\u00bb][vc_column_text css=\u00a0\u00bb.vc_custom_1558969949753{margin-top: -60px !important;}\u00a0\u00bb]\n<h5 style=\"text-align: center;\"><span style=\"color: #095f6b;\">NOS PRODUITS ET SERVICES<\/span><\/h5>\n[\/vc_column_text][vc_column_text css=\u00a0\u00bb.vc_custom_1559925917532{margin-top: -35px !important;}\u00a0\u00bb]\n<table style=\"height: 110px; width: 100%; border-collapse: collapse; border-style: none;\" border=\"0\">\n<tbody>\n<tr style=\"height: 56px;\">\n<td style=\"height: 56px; width: 100%; vertical-align: middle;\" colspan=\"2\">\n<h6><img loading=\"lazy\" decoding=\"async\" class=\"alignnone wp-image-119\" src=\"https:\/\/mrcnetworks.com\/wp-content\/uploads\/2018\/07\/remote.png\" alt=\"\" width=\"55\" height=\"55\" \/>\u00a0 \u00a0APPLICATIONS DE GESTION<\/h6>\n<\/td>\n<\/tr>\n<tr style=\"height: 54px;\">\n<td style=\"vertical-align: top; width: 10%; height: 54px;\"><\/td>\n<td style=\"width: 90%; height: 54px; vertical-align: top; padding-left: 30px;\">\u2022 Gestion de l&rsquo;appel infirmier\/appel d&rsquo;urgence<br \/>\n\u2022 Gestion de l&rsquo;errance<br \/>\n\u2022 Localisation en temps r\u00e9el<br \/>\n\u2022 Protection du nourrisson<br \/>\n\u2022 Demandes d&rsquo;aide<\/td>\n<\/tr>\n<\/tbody>\n<\/table>\n[\/vc_column_text][vc_column_text css=\u00a0\u00bb.vc_custom_1558971136824{margin-top: -55px !important;}\u00a0\u00bb]\n<table style=\"height: 110px; width: 100%; border-collapse: collapse; border-style: none;\" border=\"0\">\n<tbody>\n<tr style=\"height: 56px;\">\n<td style=\"height: 56px; width: 100%; vertical-align: middle;\" colspan=\"2\">\n<h6><img loading=\"lazy\" decoding=\"async\" class=\"alignnone wp-image-118\" src=\"https:\/\/mrcnetworks.com\/wp-content\/uploads\/2018\/07\/install.png\" alt=\"\" width=\"55\" height=\"55\" \/>\u00a0 \u00a0DISPOSITIFS<\/h6>\n<\/td>\n<\/tr>\n<tr style=\"height: 54px;\">\n<td style=\"vertical-align: top; width: 10%; height: 54px;\"><\/td>\n<td style=\"width: 90%; height: 54px; vertical-align: top; padding-left: 30px;\">\u2022 Syst\u00e8me d&rsquo;appel infirmier<br \/>\n\u2022 Syst\u00e8mes d&rsquo;appel d&rsquo;urgence<br \/>\n\u2022 Syst\u00e8mes sans fil<br \/>\n\u2022 Communication avec les patients<\/td>\n<\/tr>\n<\/tbody>\n<\/table>\n[\/vc_column_text][vc_column_text css=\u00a0\u00bb.vc_custom_1558971146728{margin-top: -55px !important;}\u00a0\u00bb]\n<table style=\"height: 110px; width: 100%; border-collapse: collapse; border-style: none;\" border=\"0\">\n<tbody>\n<tr style=\"height: 56px;\">\n<td style=\"height: 56px; width: 100%; vertical-align: middle;\" colspan=\"2\">\n<h6><img loading=\"lazy\" decoding=\"async\" class=\"alignnone wp-image-117\" src=\"https:\/\/mrcnetworks.com\/wp-content\/uploads\/2018\/07\/planning.png\" alt=\"\" width=\"55\" height=\"55\" \/>\u00a0\u00a0 CONSULTATION ET INSTALLATION<\/h6>\n<\/td>\n<\/tr>\n<tr style=\"height: 54px;\">\n<td style=\"vertical-align: top; width: 10%; height: 54px;\"><\/td>\n<td style=\"width: 90%; height: 54px; vertical-align: top;\"><\/td>\n<\/tr>\n<\/tbody>\n<\/table>\n[\/vc_column_text][\/vc_column][\/vc_row][vc_row full_width=\u00a0\u00bbstretch_row_content_no_spaces\u00a0\u00bb parallax=\u00a0\u00bbcontent-moving-fade\u00a0\u00bb parallax_image=\u00a0\u00bb1060&Prime; css=\u00a0\u00bb.vc_custom_1560878965996{background-color: rgba(0,0,0,0.32) !important;*background-color: rgb(0,0,0) !important;}\u00a0\u00bb][vc_column css_animation=\u00a0\u00bbbounceIn\u00a0\u00bb][vc_empty_space height=\u00a0\u00bb75px\u00a0\u00bb][vc_single_image image=\u00a0\u00bb982&Prime; img_size=\u00a0\u00bbmedium\u00a0\u00bb alignment=\u00a0\u00bbcenter\u00a0\u00bb][vc_empty_space height=\u00a0\u00bb75px\u00a0\u00bb][\/vc_column][\/vc_row][vc_row full_width=\u00a0\u00bbstretch_row_content_no_spaces\u00a0\u00bb gap=\u00a0\u00bb35&Prime;][vc_column width=\u00a0\u00bb3\/12&Prime;][\/vc_column][vc_column width=\u00a0\u00bb2\/12&Prime;]<div class=\"bit-counters-list-pro\"><div class=\"counter-pro row outer theme-1\"><div class=\"counter-item-pro counter-seperated-pro pb-col-md-12 pb-col-sm-12 pb-col-xs-12\" data-icon-color=\"#000000\" data-text-color=\"#39ba89\" data-is-percentage=\"yes\" data-description-color=\"#095f6b\" data-title-color=\"\"><div class=\"counter-border\"><span class=\"counter-item-number-pro count-pro\" data-counter-value=\"71\" style=\"color:#39ba89;\">0<\/span><span class=\"counter-item-title-pro\" style=\"\">D&#039;ici 2026, plus de 2 400 000 Canadiens \u00e2g\u00e9s de 65 ans et plus auront des besoins en soins continus (en hausse de 71 % par rapport \u00e0 2011)<\/span><\/div><\/div><\/div><\/div>[\/vc_column][vc_column width=\u00a0\u00bb2\/12&Prime;]<div class=\"bit-counters-list-pro\"><div class=\"counter-pro row outer theme-1\"><div class=\"counter-item-pro counter-seperated-pro pb-col-md-12 pb-col-sm-12 pb-col-xs-12\" data-icon-color=\"#000000\" data-text-color=\"#39ba89\" data-is-percentage=\"yes\" data-description-color=\"#095f6b\" data-title-color=\"\"><div class=\"counter-border\"><span class=\"counter-item-number-pro count-pro\" data-counter-value=\"77\" style=\"color:#39ba89;\">0<\/span><span class=\"counter-item-title-pro\" style=\"\">des Canadiens \u00e2g\u00e9s de 85 ans et plus se trouvent dans des \u00e9tablissements de soins continus<\/span><\/div><\/div><\/div><\/div>[\/vc_column][vc_column width=\u00a0\u00bb2\/12&Prime;]<div class=\"bit-counters-list-pro\"><div class=\"counter-pro row outer theme-1\"><div class=\"counter-item-pro counter-seperated-pro pb-col-md-12 pb-col-sm-12 pb-col-xs-12\" data-icon-color=\"#000000\" data-text-color=\"#39ba89\" data-is-percentage=\"yes\" data-description-color=\"#095f6b\" data-title-color=\"\"><div class=\"counter-border\"><span class=\"counter-item-number-pro count-pro\" data-counter-value=\"17\" style=\"color:#39ba89;\">0<\/span><span class=\"counter-item-title-pro\" style=\"\">des Canadiens sont des a\u00een\u00e9s. Pour la premi\u00e8re fois, les a\u00een\u00e9s sont plus nombreux que les enfants<\/span><\/div><\/div><\/div><\/div>[\/vc_column][vc_column width=\u00a0\u00bb3\/12&Prime;][\/vc_column][\/vc_row][vc_row full_width=\u00a0\u00bbstretch_row_content\u00a0\u00bb][vc_column][vc_empty_space][vc_column_text]\n<h1 style=\"text-align: center;\"><span style=\"color: #095f6b;\">AFFILIATIONS DE R\u00c9SEAUX MRC Inc.<br \/>\n<\/span><\/h1>\n[\/vc_column_text][vc_column_text]\n<p style=\"text-align: center;\">MRC est un membre actif des associations suivantes:<\/p>\n[\/vc_column_text][vc_row_inner][vc_column_inner width=\u00a0\u00bb1\/6&Prime;][vc_single_image image=\u00a0\u00bb606&Prime; img_size=\u00a0\u00bbfull\u00a0\u00bb alignment=\u00a0\u00bbcenter\u00a0\u00bb][\/vc_column_inner][vc_column_inner width=\u00a0\u00bb1\/6&Prime;][vc_single_image image=\u00a0\u00bb405&Prime; img_size=\u00a0\u00bbfull\u00a0\u00bb alignment=\u00a0\u00bbcenter\u00a0\u00bb][\/vc_column_inner][vc_column_inner width=\u00a0\u00bb1\/6&Prime;][vc_single_image image=\u00a0\u00bb406&Prime; img_size=\u00a0\u00bbfull\u00a0\u00bb alignment=\u00a0\u00bbcenter\u00a0\u00bb][\/vc_column_inner][vc_column_inner width=\u00a0\u00bb1\/6&Prime;][vc_single_image image=\u00a0\u00bb616&Prime; img_size=\u00a0\u00bbfull\u00a0\u00bb alignment=\u00a0\u00bbcenter\u00a0\u00bb][\/vc_column_inner][vc_column_inner width=\u00a0\u00bb1\/6&Prime;][vc_single_image image=\u00a0\u00bb407&Prime; img_size=\u00a0\u00bbfull\u00a0\u00bb alignment=\u00a0\u00bbcenter\u00a0\u00bb][\/vc_column_inner][vc_column_inner width=\u00a0\u00bb1\/6&Prime;][vc_single_image image=\u00a0\u00bb408&Prime; img_size=\u00a0\u00bbfull\u00a0\u00bb alignment=\u00a0\u00bbcenter\u00a0\u00bb][\/vc_column_inner][\/vc_row_inner][\/vc_column][\/vc_row]\n<\/section>","protected":false},"excerpt":{"rendered":"<p>[vc_row full_width=\u00a0\u00bbstretch_row_content_no_spaces\u00a0\u00bb][vc_column][\/vc_column][\/vc_row][vc_row][vc_column][vc_column_text] DES SOLUTIONS DE POINTE POUR TOUS LES TYPES DE SOINS [\/vc_column_text][\/vc_column][\/vc_row][vc_row gap=\u00a0\u00bb35&Prime; equal_height=\u00a0\u00bbyes\u00a0\u00bb][vc_column css_animation=\u00a0\u00bbfadeInLeftBig\u00a0\u00bb width=\u00a0\u00bb1\/3&Prime; css=\u00a0\u00bb.vc_custom_1538501541200{border-top-width: 1px !important;border-right-width: 1px !important;border-bottom-width: 1px !important;border-left-width: 1px !important;border-left-color: #39ba89 !important;border-left-style: solid !important;border-right-color: #39ba89 !important;border-right-style: solid !important;border-top-color: #39ba89 !important;border-top-style: solid !important;border-bottom-color: #39ba89 !important;border-bottom-style: solid !important;}\u00a0\u00bb][vc_icon icon_fontawesome=\u00a0\u00bbfa fa-hospital-o\u00a0\u00bb color=\u00a0\u00bbcustom\u00a0\u00bb size=\u00a0\u00bblg\u00a0\u00bb align=\u00a0\u00bbcenter\u00a0\u00bb custom_color=\u00a0\u00bb#095f6b\u00a0\u00bb css=\u00a0\u00bb.vc_custom_1538423195737{margin-top: -8px !important;}\u00a0\u00bb][vc_column_text css=\u00a0\u00bb.vc_custom_1558969754251{margin-top: -32px !important;}\u00a0\u00bb] INSTITUTIONNEL [\/vc_column_text][vc_column_text css=\u00a0\u00bb.vc_custom_1558970196067{margin-top: -22px !important;}\u00a0\u00bb]MRC offre &#8230;<\/p>\n","protected":false},"author":1,"featured_media":0,"parent":0,"menu_order":0,"comment_status":"closed","ping_status":"closed","template":"template-blank-1.php","meta":{"footnotes":""},"class_list":["post-190","page","type-page","status-publish","hentry","no-post-thumbnail"],"_links":{"self":[{"href":"https:\/\/mrcnetworks.com\/fr\/wp-json\/wp\/v2\/pages\/190","targetHints":{"allow":["GET"]}}],"collection":[{"href":"https:\/\/mrcnetworks.com\/fr\/wp-json\/wp\/v2\/pages"}],"about":[{"href":"https:\/\/mrcnetworks.com\/fr\/wp-json\/wp\/v2\/types\/page"}],"author":[{"embeddable":true,"href":"https:\/\/mrcnetworks.com\/fr\/wp-json\/wp\/v2\/users\/1"}],"replies":[{"embeddable":true,"href":"https:\/\/mrcnetworks.com\/fr\/wp-json\/wp\/v2\/comments?post=190"}],"version-history":[{"count":101,"href":"https:\/\/mrcnetworks.com\/fr\/wp-json\/wp\/v2\/pages\/190\/revisions"}],"predecessor-version":[{"id":1210,"href":"https:\/\/mrcnetworks.com\/fr\/wp-json\/wp\/v2\/pages\/190\/revisions\/1210"}],"wp:attachment":[{"href":"https:\/\/mrcnetworks.com\/fr\/wp-json\/wp\/v2\/media?parent=190"}],"curies":[{"name":"wp","href":"https:\/\/api.w.org\/{rel}","templated":true}]}}