{"id":676,"date":"2019-05-01T16:23:16","date_gmt":"2019-05-01T20:23:16","guid":{"rendered":"https:\/\/mrcnetworks.com\/?page_id=676"},"modified":"2019-10-25T02:05:40","modified_gmt":"2019-10-25T06:05:40","slug":"gateways-servers","status":"publish","type":"page","link":"https:\/\/mrcnetworks.com\/fr\/products\/gateways-servers\/","title":{"rendered":"Passerelles et serveurs"},"content":{"rendered":"<section class=\"wpb-content-wrapper\">[vc_row full_width=\u00a0\u00bbstretch_row_content_no_spaces\u00a0\u00bb][vc_column]\n\t\t\t<!-- START Nurse Call Emergency System REVOLUTION SLIDER 6.6.15 --><p class=\"rs-p-wp-fix\"><\/p>\n\t\t\t<rs-module-wrap id=\"rev_slider_9_2_wrapper\" data-source=\"gallery\" style=\"visibility:hidden;background:#0a0a0a;padding:0;margin:0px auto;margin-top:0;margin-bottom:0;\">\n\t\t\t\t<rs-module id=\"rev_slider_9_2\" style=\"\" data-version=\"6.6.15\">\n\t\t\t\t\t<rs-slides style=\"overflow: hidden; position: absolute;\">\n\t\t\t\t\t\t<rs-slide style=\"position: absolute;\" data-key=\"rs-16\" data-title=\"Slide\" data-anim=\"adpr:false;\">\n\t\t\t\t\t\t\t<img decoding=\"async\" src=\"\/\/mrcnetworks.com\/wp-content\/plugins\/revslider\/public\/assets\/assets\/dummy.png\" alt=\"\" title=\"Passerelles et serveurs\" class=\"rev-slidebg tp-rs-img rs-lazyload\" data-lazyload=\"\/\/ba9477.a2cdn1.secureserver.net\/wp-content\/uploads\/2018\/10\/nurse-1.jpg?time=1692881789\" data-bg=\"p:center top;\" data-parallax=\"15\" data-no-retina>\n<!---->\t\t\t\t\t\t<\/rs-slide>\n\t\t\t\t\t<\/rs-slides>\n\t\t\t\t<\/rs-module>\n\t\t\t\t<script>\n\t\t\t\t\tsetREVStartSize({c: 'rev_slider_9_2',rl:[1240,1024,778,480],el:[],gw:[1240],gh:[600],type:'standard',justify:'',layout:'fullwidth',mh:\"0\"});if (window.RS_MODULES!==undefined && window.RS_MODULES.modules!==undefined && window.RS_MODULES.modules[\"revslider92\"]!==undefined) {window.RS_MODULES.modules[\"revslider92\"].once = false;window.revapi9_2 = undefined;if (window.RS_MODULES.checkMinimal!==undefined) window.RS_MODULES.checkMinimal()}\n\t\t\t\t<\/script>\n\t\t\t<\/rs-module-wrap>\n\t\t\t<!-- END REVOLUTION SLIDER -->\n[\/vc_column][\/vc_row][vc_row][vc_column][vc_column_text]\n<h1 style=\"text-align: center;\"><span style=\"color: #095f6b;\">PASSERELLES ET SERVEURS<br \/>\n<\/span><\/h1>\n[\/vc_column_text][vc_column_text]\n<p style=\"text-align: center;\">Les passerelles et serveurs de R\u00e9seaux MRC sont munis de technologies de pointe pour assurer la fiabilit\u00e9, l&rsquo;efficacit\u00e9 et la performance sup\u00e9rieure de chaque appareil que nous fabriquons. Nos passerelles et nos serveurs sont con\u00e7us sur mesure pour r\u00e9pondre \u00e0 vos variations d&rsquo;adresses uniques en termes d&rsquo;occupation et d&rsquo;exigences op\u00e9rationnelles informatiques.<\/p>\n[\/vc_column_text][\/vc_column][\/vc_row][vc_row full_width=\u00a0\u00bbstretch_row\u00a0\u00bb gap=\u00a0\u00bb15&Prime; css=\u00a0\u00bb.vc_custom_1556741532982{background-color: #f1f2f2 !important;}\u00a0\u00bb el_id=\u00a0\u00bb3020&Prime;][vc_column][vc_row_inner][vc_column_inner width=\u00a0\u00bb1\/3&Prime;][vc_single_image image=\u00a0\u00bb1024&Prime; img_size=\u00a0\u00bbfull\u00a0\u00bb alignment=\u00a0\u00bbcenter\u00a0\u00bb][\/vc_column_inner][vc_column_inner width=\u00a0\u00bb2\/3&Prime;][vc_column_text css=\u00a0\u00bb.vc_custom_1560792190763{margin-top: -55px !important;}\u00a0\u00bb]\n<h3 style=\"text-align: left;\"><span style=\"color: #095f6b;\">Contr\u00f4leur d\u2019acc\u00e8s Gateway<\/span><\/h3>\n<p>Le contr\u00f4leur d\u2019acc\u00e8s Gateway d&rsquo;acc\u00e8s num\u00e9rique \u00e0 90 canaux MRC 3020 connecte et identifie les appareils c\u00e2bl\u00e9s de MRC directement au syst\u00e8me d&rsquo;appel d&rsquo;urgence\/infirmier de MRC.[\/vc_column_text][vc_column_text css=\u00a0\u00bb.vc_custom_1559138186046{margin-top: -35px !important;}\u00a0\u00bb]\n<h5 style=\"text-align: left;\"><span style=\"color: #095f6b;\">SOLUTIONS:<\/span><\/h5>\n<ul>\n<li>Appel infirmier\/appel d&rsquo;urgence<\/li>\n<\/ul>\n[\/vc_column_text][vc_column_text css=\u00a0\u00bb.vc_custom_1560797257177{margin-top: -35px !important;}\u00a0\u00bb]\n<h5 style=\"text-align: left;\"><span style=\"color: #095f6b;\">CARACT\u00c9RISTIQUES CL\u00c9S<\/span><\/h5>\n<table style=\"width: 100%; border-collapse: collapse;\" border=\"0\">\n<tbody>\n<tr>\n<td style=\"width: 50%; vertical-align: top;\">\n<ul>\n<li>90 canaux inde\u0301pendants E\/S<\/li>\n<li>Interface Ethernet double<\/li>\n<li>Unit\u00e9 empilable haute densit\u00e9<\/li>\n<li>Mises a\u0300 jour haute vitesse des canaux<\/li>\n<li>Minuteurs \u00abWatchdog\u00bb et sorties sans risque de d\u00e9faut<\/li>\n<li>Protection thermique, de courant, de tension<\/li>\n<\/ul>\n<\/td>\n<td style=\"width: 50%; vertical-align: top;\">\n<ul>\n<li>Protection thermique, courant, voltage<\/li>\n<li>Temp\u00e9ratures de fonctionnement prolong\u00e9es<\/li>\n<li>Surveillance sur tous les appareils c\u00e2bler tels que les cordons d\u2019appel, les d\u00e9tecteurs de porte, les d\u00e9tecteurs de fum\u00e9 etc.<\/li>\n<li>Canaux de sortie contr\u00f4le les relais et les lampes LED<\/li>\n<\/ul>\n<\/td>\n<\/tr>\n<\/tbody>\n<\/table>\n[\/vc_column_text][vc_column_text css=\u00a0\u00bb.vc_custom_1571887659877{margin-top: -35px !important;}\u00a0\u00bb]\n<h5 style=\"text-align: left;\"><span style=\"color: #095f6b;\">SP\u00c9CIFICATIONS DU PRODUIT<\/span><\/h5>\n<p>Pour plus d&rsquo;informations, <a href=\"https:\/\/mrcnetworks.com\/fr\/contact\/\" target=\"_blank\" rel=\"noopener\">CONTACTEZ-NOUS<\/a>[\/vc_column_text][\/vc_column_inner][\/vc_row_inner][\/vc_column][\/vc_row][vc_row full_width=\u00a0\u00bbstretch_row\u00a0\u00bb gap=\u00a0\u00bb15&Prime; el_id=\u00a0\u00bb3040&Prime;][vc_column][vc_row_inner][vc_column_inner width=\u00a0\u00bb1\/3&Prime;][vc_single_image image=\u00a0\u00bb876&Prime; img_size=\u00a0\u00bbfull\u00a0\u00bb alignment=\u00a0\u00bbcenter\u00a0\u00bb][\/vc_column_inner][vc_column_inner width=\u00a0\u00bb2\/3&Prime;][vc_column_text css=\u00a0\u00bb.vc_custom_1559138335853{margin-top: -55px !important;}\u00a0\u00bb]\n<h3 style=\"text-align: left;\"><span style=\"color: #095f6b;\">Passerelle<\/span><\/h3>\n<p>Composante cl\u00e9 des capacit\u00e9s sans fil de MRC, la passerelle sans fil MRC 3040 prend en charge les applications de localisation en temps r\u00e9el (RTLS), d&rsquo;appel d&rsquo;urgence, d&rsquo;appel infirmier, d&rsquo;aide au personnel et de gestion des d\u00e9placements.[\/vc_column_text][vc_column_text css=\u00a0\u00bb.vc_custom_1559138365564{margin-top: -35px !important;}\u00a0\u00bb]\n<h5 style=\"text-align: left;\"><span style=\"color: #095f6b;\">SOLUTIONS:<\/span><\/h5>\n<ul>\n<li>Appel infirmier\/appel d&rsquo;urgence<\/li>\n<li>Aide au personnel<\/li>\n<li>Syst\u00e8me de localisation en temps r\u00e9el<\/li>\n<li>Gestion de l&rsquo;errance<\/li>\n<\/ul>\n[\/vc_column_text][vc_column_text css=\u00a0\u00bb.vc_custom_1571983535037{margin-top: -35px !important;}\u00a0\u00bb]\n<h5 style=\"text-align: left;\"><span style=\"color: #095f6b;\">CARACT\u00c9RISTIQUES CL\u00c9S<\/span><\/h5>\n<table border=\"0\">\n<tbody>\n<tr>\n<td>\n<ul>\n<li>R\u00e9ception sans fil du signale des bracelets MRC, \u00e9tiquettes, porte-cl\u00e9s, et autres dispositifs d\u2019urgence<\/li>\n<li>Transmission des serveurs instantan\u00e9s<\/li>\n<li>Supporte les branchements r\u00e9seau multiple: RF, TCP\/IP Ethernet, WIFI et RS232<\/li>\n<\/ul>\n<\/td>\n<td>\n<ul>\n<li>Fonctions de traitement de donn\u00e9es sophistiqu\u00e9es int\u00e9gr\u00e9e<\/li>\n<li>Param\u00e8tres enti\u00e8rement programmables<\/li>\n<li>E\/S intelligent: 2 entr\u00e9es\/ 2 sorties<\/li>\n<\/ul>\n<\/td>\n<\/tr>\n<\/tbody>\n<\/table>\n[\/vc_column_text][vc_column_text css=\u00a0\u00bb.vc_custom_1571887672090{margin-top: -35px !important;}\u00a0\u00bb]\n<h5 style=\"text-align: left;\"><span style=\"color: #095f6b;\">SP\u00c9CIFICATIONS DU PRODUIT<\/span><\/h5>\n<p>Pour plus d&rsquo;informations, <a href=\"https:\/\/mrcnetworks.com\/fr\/contact\/\" target=\"_blank\" rel=\"noopener\">CONTACTEZ-NOUS<\/a>[\/vc_column_text][\/vc_column_inner][\/vc_row_inner][\/vc_column][\/vc_row][vc_row full_width=\u00a0\u00bbstretch_row\u00a0\u00bb equal_height=\u00a0\u00bbyes\u00a0\u00bb css=\u00a0\u00bb.vc_custom_1560797808771{background-color: #f1f2f2 !important;}\u00a0\u00bb el_id=\u00a0\u00bb3010&Prime;][vc_column][vc_row_inner][vc_column_inner width=\u00a0\u00bb1\/3&Prime;][vc_single_image image=\u00a0\u00bb877&Prime; img_size=\u00a0\u00bbfull\u00a0\u00bb alignment=\u00a0\u00bbcenter\u00a0\u00bb][\/vc_column_inner][vc_column_inner width=\u00a0\u00bb2\/3&Prime;][vc_column_text css=\u00a0\u00bb.vc_custom_1559138509004{margin-top: -55px !important;}\u00a0\u00bb]\n<h3 style=\"text-align: left;\"><span style=\"color: #095f6b;\">Serveur<\/span><\/h3>\n<p>Le contr\u00f4leur d&rsquo;E\/S d&rsquo;acc\u00e8s num\u00e9rique \u00e0 90 canaux MRC 3020 connecte et identifie les appareils c\u00e2bl\u00e9s de MRC directement au syst\u00e8me d&rsquo;appel infirmier\/appel d&rsquo;urgence de MRC.[\/vc_column_text][vc_column_text css=\u00a0\u00bb.vc_custom_1559138521145{margin-top: -35px !important;}\u00a0\u00bb]\n<h5 style=\"text-align: left;\"><span style=\"color: #095f6b;\">SOLUTIONS:<\/span><\/h5>\n<ul>\n<li>Appel infirmier\/appel d&rsquo;urgence<\/li>\n<\/ul>\n[\/vc_column_text][vc_column_text css=\u00a0\u00bb.vc_custom_1559138590480{margin-top: -35px !important;}\u00a0\u00bb]\n<h5 style=\"text-align: left;\"><span style=\"color: #095f6b;\">CARACT\u00c9RISTIQUES CL\u00c9S<\/span><\/h5>\n<table style=\"width: 100%; border-collapse: collapse;\" border=\"0\">\n<tbody>\n<tr>\n<td style=\"width: 50%; vertical-align: top;\">\n<ul>\n<li>90 canaux d&rsquo;E\/S num\u00e9riques<\/li>\n<li>Double interface Ethernet<\/li>\n<li>Unit\u00e9 empilable \u00e0 haute densit\u00e9<\/li>\n<li>Mises \u00e0 jour rapides des canaux<\/li>\n<li>Minuteries Watchdog et sorties de s\u00e9curit\u00e9<\/li>\n<li>Protection thermique, de courant, de tension<\/li>\n<\/ul>\n<\/td>\n<td style=\"width: 50%; vertical-align: top;\">\n<ul>\n<li>Temp\u00e9ratures de fonctionnement prolong\u00e9es<\/li>\n<li>Les canaux d&rsquo;entr\u00e9e d\u00e9tectent l&rsquo;\u00e9tat des dispositifs c\u00e2bl\u00e9s tels que les cordons de traction, les boutons, les d\u00e9tecteurs de porte, les d\u00e9tecteurs de fum\u00e9e, etc.<\/li>\n<li>Les canaux de sortie contr\u00f4lent les relais de contr\u00f4le et les lampes LED de contr\u00f4le<\/li>\n<\/ul>\n<\/td>\n<\/tr>\n<\/tbody>\n<\/table>\n[\/vc_column_text][vc_column_text css=\u00a0\u00bb.vc_custom_1571887683340{margin-top: -35px !important;}\u00a0\u00bb]\n<h5 style=\"text-align: left;\"><span style=\"color: #095f6b;\">SP\u00c9CIFICATIONS DU PRODUIT<\/span><\/h5>\n<p>Pour plus d&rsquo;informations, <a href=\"https:\/\/mrcnetworks.com\/fr\/contact\/\" target=\"_blank\" rel=\"noopener\">CONTACTEZ-NOUS<\/a>[\/vc_column_text][\/vc_column_inner][\/vc_row_inner][\/vc_column][\/vc_row][vc_row full_width=\u00a0\u00bbstretch_row\u00a0\u00bb equal_height=\u00a0\u00bbyes\u00a0\u00bb css=\u00a0\u00bb.vc_custom_1560797817330{margin-bottom: -40px !important;background-color: rgba(9,95,107,0.9) !important;*background-color: rgb(9,95,107) !important;}\u00a0\u00bb][vc_column][vc_column_text css=\u00a0\u00bb.vc_custom_1559138617961{margin-top: -32px !important;}\u00a0\u00bb]\n<h4 style=\"text-align: center;\"><span style=\"color: #ffffff;\">D\u00c9COUVREZ TOUTES NOS SOLUTIONS<\/span><\/h4>\n[\/vc_column_text][vc_row_inner][vc_column_inner width=\u00a0\u00bb1\/3&Prime;][vc_column_text css=\u00a0\u00bb.vc_custom_1559138626128{margin-top: -32px !important;}\u00a0\u00bb]\n<h6 style=\"text-align: center;\"><span style=\"color: #ffffff;\">Dispositifs<\/span><\/h6>\n[\/vc_column_text][vc_single_image image=\u00a0\u00bb721&Prime; img_size=\u00a0\u00bbfull\u00a0\u00bb alignment=\u00a0\u00bbcenter\u00a0\u00bb onclick=\u00a0\u00bbcustom_link\u00a0\u00bb link=\u00a0\u00bbhttps:\/\/mrcnetworks.com\/fr\/products\/residents-and-staff-devices\/\u00a0\u00bb][\/vc_column_inner][vc_column_inner width=\u00a0\u00bb1\/3&Prime;][vc_column_text css=\u00a0\u00bb.vc_custom_1559138632979{margin-top: -32px !important;}\u00a0\u00bb]\n<h6 style=\"text-align: center;\"><span style=\"color: #ffffff;\">Serveurs<\/span><\/h6>\n[\/vc_column_text][vc_single_image image=\u00a0\u00bb722&Prime; img_size=\u00a0\u00bbfull\u00a0\u00bb alignment=\u00a0\u00bbcenter\u00a0\u00bb onclick=\u00a0\u00bbcustom_link\u00a0\u00bb link=\u00a0\u00bbhttps:\/\/mrcnetworks.com\/fr\/products\/gateways-servers\/\u00a0\u00bb][\/vc_column_inner][vc_column_inner width=\u00a0\u00bb1\/3&Prime;][vc_column_text css=\u00a0\u00bb.vc_custom_1559138646029{margin-top: -32px !important;}\u00a0\u00bb]\n<h6 style=\"text-align: center;\"><span style=\"color: #ffffff;\">Notifications<\/span><\/h6>\n[\/vc_column_text][vc_single_image image=\u00a0\u00bb720&Prime; img_size=\u00a0\u00bbfull\u00a0\u00bb alignment=\u00a0\u00bbcenter\u00a0\u00bb onclick=\u00a0\u00bbcustom_link\u00a0\u00bb link=\u00a0\u00bbhttps:\/\/mrcnetworks.com\/fr\/products\/notifications\/\u00a0\u00bb][\/vc_column_inner][\/vc_row_inner][\/vc_column][\/vc_row]\n<\/section>","protected":false},"excerpt":{"rendered":"<p>[vc_row full_width=\u00a0\u00bbstretch_row_content_no_spaces\u00a0\u00bb][vc_column][\/vc_column][\/vc_row][vc_row][vc_column][vc_column_text] PASSERELLES ET SERVEURS [\/vc_column_text][vc_column_text] Les passerelles et serveurs de R\u00e9seaux MRC sont munis de technologies de pointe pour assurer la fiabilit\u00e9, l&rsquo;efficacit\u00e9 et la performance sup\u00e9rieure de chaque appareil que nous fabriquons. Nos passerelles et nos serveurs sont con\u00e7us sur mesure pour r\u00e9pondre \u00e0 vos variations d&rsquo;adresses uniques en termes d&rsquo;occupation et d&rsquo;exigences op\u00e9rationnelles informatiques. [\/vc_column_text][\/vc_column][\/vc_row][vc_row full_width=\u00a0\u00bbstretch_row\u00a0\u00bb gap=\u00a0\u00bb15&Prime; &#8230;<\/p>\n","protected":false},"author":1,"featured_media":0,"parent":350,"menu_order":0,"comment_status":"closed","ping_status":"closed","template":"template-blank-1.php","meta":{"footnotes":""},"class_list":["post-676","page","type-page","status-publish","hentry","no-post-thumbnail"],"_links":{"self":[{"href":"https:\/\/mrcnetworks.com\/fr\/wp-json\/wp\/v2\/pages\/676","targetHints":{"allow":["GET"]}}],"collection":[{"href":"https:\/\/mrcnetworks.com\/fr\/wp-json\/wp\/v2\/pages"}],"about":[{"href":"https:\/\/mrcnetworks.com\/fr\/wp-json\/wp\/v2\/types\/page"}],"author":[{"embeddable":true,"href":"https:\/\/mrcnetworks.com\/fr\/wp-json\/wp\/v2\/users\/1"}],"replies":[{"embeddable":true,"href":"https:\/\/mrcnetworks.com\/fr\/wp-json\/wp\/v2\/comments?post=676"}],"version-history":[{"count":63,"href":"https:\/\/mrcnetworks.com\/fr\/wp-json\/wp\/v2\/pages\/676\/revisions"}],"predecessor-version":[{"id":1213,"href":"https:\/\/mrcnetworks.com\/fr\/wp-json\/wp\/v2\/pages\/676\/revisions\/1213"}],"up":[{"embeddable":true,"href":"https:\/\/mrcnetworks.com\/fr\/wp-json\/wp\/v2\/pages\/350"}],"wp:attachment":[{"href":"https:\/\/mrcnetworks.com\/fr\/wp-json\/wp\/v2\/media?parent=676"}],"curies":[{"name":"wp","href":"https:\/\/api.w.org\/{rel}","templated":true}]}}